{"id":1675,"date":"2016-08-01T14:32:09","date_gmt":"2016-08-01T14:32:09","guid":{"rendered":"http:\/\/finance.omnicom-dev.com\/main-demo\/?page_id=1675"},"modified":"2021-09-13T12:20:33","modified_gmt":"2021-09-13T10:20:33","slug":"kontakt","status":"publish","type":"page","link":"https:\/\/sportsac.cz\/?page_id=1675","title":{"rendered":"Kontakt"},"content":{"rendered":"<div class=\"bt_bb_wrapper\"><section id=\"bt_section69e2f00a4257f\"  class=\"boldSection topLargeSpaced bottomLargeSpaced gutter inherit\" ><div class=\"port\"><div class=\"boldCell\"><div class=\"boldCellInner\"><div class=\"boldRow \" ><div class=\"boldRowInner\"><div class=\"rowItem col-md-3 col-sm-6 col-ms-12 btTextLeft btBottomVertical\"  data-width=\"3\"><div class=\"rowItemContent\" ><div class=\"servicesItem  btServicesAccent2 btIcoLargeSizeIcon \"><div class=\"sIcon\"><span class=\"btIco btIcoLargeSize btIcoFilledType btAccent2Icon\"><span  data-ico-of=\"&#xe93e;\" class=\"btIcoHolder\"><\/span><\/span><\/div><div class=\"sTxt\"><header class=\"header btClear small\" ><div class=\"dash\"><h4><span class=\"headline\">Telefon<\/span><\/h4><\/div><div class=\"btSubTitle\">+420 987 654 321<\/div><\/header><\/div><\/div><div class=\"btClear btSeparator bottomSemiSpaced noBorder\" ><hr><\/div><\/div><\/div><div class=\"rowItem col-md-3 col-sm-6 col-ms-12 btTextLeft btBottomVertical\"  data-width=\"3\"><div class=\"rowItemContent\" ><div class=\"servicesItem  btServicesAccent3 btIcoLargeSizeIcon \"><div class=\"sIcon\"><span class=\"btIco btIcoLargeSize btIcoFilledType btAccent3Icon\"><span  data-ico-ed=\"&#xea49;\" class=\"btIcoHolder\"><\/span><\/span><\/div><div class=\"sTxt\"><header class=\"header btClear small\" ><div class=\"dash\"><h4><span class=\"headline\">Email<\/span><\/h4><\/div><div class=\"btSubTitle\">info@sportsac.cz<\/div><\/header><\/div><\/div><div class=\"btClear btSeparator bottomSemiSpaced noBorder\" ><hr><\/div><\/div><\/div><div class=\"rowItem col-md-3 col-sm-6 col-ms-12 btTextLeft btBottomVertical\"  data-width=\"3\"><div class=\"rowItemContent\" ><div class=\"servicesItem  btServicesAccent4 btIcoLargeSizeIcon \"><div class=\"sIcon\"><span class=\"btIco btIcoLargeSize btIcoFilledType btAccent4Icon\"><span  data-ico-fa=\"&#xf19c;\" class=\"btIcoHolder\"><\/span><\/span><\/div><div class=\"sTxt\"><header class=\"header btClear small\" ><div class=\"dash\"><h4><span class=\"headline\">\u010c\u00edslo \u00fa\u010dtu<\/span><\/h4><\/div><div class=\"btSubTitle\">2801175213\/2010<\/div><\/header><\/div><\/div><div class=\"btClear btSeparator bottomSemiSpaced noBorder\" ><hr><\/div><\/div><\/div><div class=\"rowItem col-md-3 col-sm-6 col-ms-12 btTextLeft btBottomVertical\"  data-width=\"3\"><div class=\"rowItemContent\" ><div class=\"servicesItem  btServicesAccent1 btIcoLargeSizeIcon \"><div class=\"sIcon\"><span class=\"btIco btIcoLargeSize btIcoFilledType btAccent1Icon\"><span  data-ico-fa=\"&#xf2bc;\" class=\"btIcoHolder\"><\/span><\/span><\/div><div class=\"sTxt\"><header class=\"header btClear small\" ><div class=\"dash\"><h4><span class=\"headline\">I\u010cO<\/span><\/h4><\/div><div class=\"btSubTitle\">87998211<\/div><\/header><\/div><\/div><div class=\"btClear btSeparator bottomSemiSpaced noBorder\" ><hr><\/div><\/div><\/div><\/div><\/div><div class=\"boldRow \" ><div class=\"boldRowInner\"><div class=\"rowItem col-md-12 col-ms-12  btTextLeft animate animate-fadein btBottomVertical\"  data-width=\"12\"><div class=\"rowItemContent\" ><div class=\"btClear btSeparator topSpaced bottomSpaced border\" ><hr><\/div><\/div><\/div><\/div><\/div><div class=\"boldRow \" ><div class=\"boldRowInner\"><div class=\"rowItem col-md-6 col-sm-12 btTextLeft btTopVertical btTextIndent wBackground cover\" style=\"min-height: 500px;background-image: url(https:\/\/sportsac.cz\/wp-content\/uploads\/2021\/02\/jiri-muzik-02.jpg);\" data-width=\"6\"><div class=\"rowItemContent\" ><\/div><\/div><div class=\"rowItem col-md-6 col-sm-12 btTextLeft btHighlightBorder btMiddleVertical btDoublePadding\"  data-width=\"6\"><div class=\"rowItemContent\" ><div class=\"btClear btSeparator topSemiSpaced bottomSmallSpaced noBorder\" ><hr><\/div><div class=\"btText\" ><div role=\"form\" class=\"wpcf7\" id=\"wpcf7-f2603-o1\" lang=\"en-US\" dir=\"ltr\">\n<div class=\"screen-reader-response\"><p role=\"status\" aria-live=\"polite\" aria-atomic=\"true\"><\/p> <ul><\/ul><\/div>\n<form action=\"\/index.php?rest_route=%2Fwp%2Fv2%2Fpages%2F1675#wpcf7-f2603-o1\" method=\"post\" class=\"wpcf7-form init\" novalidate=\"novalidate\" data-status=\"init\">\n<div style=\"display: none;\">\n<input type=\"hidden\" name=\"_wpcf7\" value=\"2603\" \/>\n<input type=\"hidden\" name=\"_wpcf7_version\" value=\"5.4.2\" \/>\n<input type=\"hidden\" name=\"_wpcf7_locale\" value=\"en_US\" \/>\n<input type=\"hidden\" name=\"_wpcf7_unit_tag\" value=\"wpcf7-f2603-o1\" \/>\n<input type=\"hidden\" name=\"_wpcf7_container_post\" value=\"0\" \/>\n<input type=\"hidden\" name=\"_wpcf7_posted_data_hash\" value=\"\" \/>\n<\/div>\n<p><label> Va\u0161e jm\u00e9no (povinn\u00e9)<br \/>\n    <span class=\"wpcf7-form-control-wrap your-name\"><input type=\"text\" name=\"your-name\" value=\"\" size=\"40\" class=\"wpcf7-form-control wpcf7-text wpcf7-validates-as-required\" aria-required=\"true\" aria-invalid=\"false\" \/><\/span> <\/label><\/p>\n<p><label> V\u00e1\u0161 Email (povinn\u00e9)<br \/>\n    <span class=\"wpcf7-form-control-wrap your-email\"><input type=\"email\" name=\"your-email\" value=\"\" size=\"40\" class=\"wpcf7-form-control wpcf7-text wpcf7-email wpcf7-validates-as-required wpcf7-validates-as-email\" aria-required=\"true\" aria-invalid=\"false\" \/><\/span> <\/label><\/p>\n<p><label>O jak\u00fd kemp se zaj\u00edm\u00e1te (povinn\u00e9)<br \/>\n    <span class=\"wpcf7-form-control-wrap Kemp\"><select name=\"Kemp\" class=\"wpcf7-form-control wpcf7-select wpcf7-validates-as-required\" aria-required=\"true\" aria-invalid=\"false\"><option value=\"\">&#8212;<\/option><option value=\"Horn\u00ed Bradlo\">Horn\u00ed Bradlo<\/option><option value=\"Nymburk\">Nymburk<\/option><option value=\"Plze\u0148\">Plze\u0148<\/option><option value=\"Jedn\u00e1 se o jin\u00fd dotaz.\">Jedn\u00e1 se o jin\u00fd dotaz.<\/option><\/select><\/span><\/label><\/p>\n<p><label> P\u0159edm\u011bt<br \/>\n    <span class=\"wpcf7-form-control-wrap your-subject\"><input type=\"text\" name=\"your-subject\" value=\"\" size=\"40\" class=\"wpcf7-form-control wpcf7-text\" aria-invalid=\"false\" \/><\/span> <\/label><\/p>\n<p><label> Va\u0161e zpr\u00e1va<br \/>\n    <span class=\"wpcf7-form-control-wrap your-message\"><textarea name=\"your-message\" cols=\"40\" rows=\"10\" class=\"wpcf7-form-control wpcf7-textarea\" aria-invalid=\"false\"><\/textarea><\/span> <\/label><\/p>\n<p><input type=\"submit\" value=\"Poslat\" class=\"wpcf7-form-control wpcf7-submit\" \/><\/p>\n<div class=\"wpcf7-response-output\" aria-hidden=\"true\"><\/div><\/form><\/div><\/div><div class=\"btClear btSeparator topSemiSpaced bottomSmallSpaced noBorder\" ><hr><\/div><\/div><\/div><\/div><\/div><\/div><\/div><\/div><\/section><section id=\"bt_section69e2f00a43744\"  class=\"boldSection gutter\" ><div class=\"port\"><div class=\"boldCell\"><div class=\"boldCellInner\"><\/div><\/div><\/div><\/section><\/div>","protected":false},"excerpt":{"rendered":"","protected":false},"author":1,"featured_media":4006,"parent":0,"menu_order":0,"comment_status":"closed","ping_status":"closed","template":"","meta":[],"yoast_head":"<!-- This site is optimized with the Yoast SEO plugin v17.2.1 - https:\/\/yoast.com\/wordpress\/plugins\/seo\/ -->\n<title>Kontakt - Ji\u0159\u00ed Mu\u017e\u00edk<\/title>\n<meta name=\"description\" content=\"Jsme projekt zam\u011b\u0159en\u00fd na v\u0161echny sportuj\u00edc\u00ed osoby, bez rozd\u00edlu v\u011bku, specializace \u010di v\u00fdkonnosti.\" \/>\n<meta name=\"robots\" content=\"index, follow, max-snippet:-1, max-image-preview:large, max-video-preview:-1\" \/>\n<link rel=\"canonical\" href=\"https:\/\/sportsac.cz\/?page_id=1675\" \/>\n<meta property=\"og:locale\" content=\"cs_CZ\" \/>\n<meta property=\"og:type\" content=\"article\" \/>\n<meta property=\"og:title\" content=\"Kontakt - Ji\u0159\u00ed Mu\u017e\u00edk\" \/>\n<meta property=\"og:description\" content=\"Jsme projekt zam\u011b\u0159en\u00fd na v\u0161echny sportuj\u00edc\u00ed osoby, bez rozd\u00edlu v\u011bku, specializace \u010di v\u00fdkonnosti.\" \/>\n<meta property=\"og:url\" content=\"https:\/\/sportsac.cz\/?page_id=1675\" \/>\n<meta property=\"og:site_name\" content=\"Ji\u0159\u00ed Mu\u017e\u00edk\" \/>\n<meta property=\"article:publisher\" content=\"https:\/\/www.facebook.com\/jirimuzik.cz\" \/>\n<meta property=\"article:modified_time\" content=\"2021-09-13T10:20:33+00:00\" \/>\n<meta property=\"og:image\" content=\"http:\/\/sportsac.cz\/wp-content\/uploads\/2021\/09\/header-inner-2.jpg\" \/>\n\t<meta property=\"og:image:width\" content=\"2048\" \/>\n\t<meta property=\"og:image:height\" content=\"790\" \/>\n<meta name=\"twitter:card\" content=\"summary_large_image\" \/>\n<meta name=\"twitter:label1\" content=\"Odhadovan\u00e1 doba \u010dten\u00ed\" \/>\n\t<meta name=\"twitter:data1\" content=\"3 minuty\" \/>\n<script type=\"application\/ld+json\" class=\"yoast-schema-graph\">{\"@context\":\"https:\/\/schema.org\",\"@graph\":[{\"@type\":\"Organization\",\"@id\":\"https:\/\/sportsac.cz\/#organization\",\"name\":\"Ji\\u017e\\u00ed Mu\\u017e\\u00edk - Sports Academy & Camps\",\"url\":\"https:\/\/sportsac.cz\/\",\"sameAs\":[\"https:\/\/www.facebook.com\/jirimuzik.cz\",\"https:\/\/www.instagram.com\/jiri_muzik_\/\"],\"logo\":{\"@type\":\"ImageObject\",\"@id\":\"https:\/\/sportsac.cz\/#logo\",\"inLanguage\":\"cs\",\"url\":\"http:\/\/sportsac.cz\/wp-content\/uploads\/2021\/02\/jiri-muzik-1.jpg\",\"contentUrl\":\"http:\/\/sportsac.cz\/wp-content\/uploads\/2021\/02\/jiri-muzik-1.jpg\",\"width\":700,\"height\":479,\"caption\":\"Ji\\u017e\\u00ed Mu\\u017e\\u00edk - Sports Academy & Camps\"},\"image\":{\"@id\":\"https:\/\/sportsac.cz\/#logo\"}},{\"@type\":\"WebSite\",\"@id\":\"https:\/\/sportsac.cz\/#website\",\"url\":\"https:\/\/sportsac.cz\/\",\"name\":\"Ji\\u0159\\u00ed Mu\\u017e\\u00edk\",\"description\":\"Sports Academy &amp; Camps\",\"publisher\":{\"@id\":\"https:\/\/sportsac.cz\/#organization\"},\"potentialAction\":[{\"@type\":\"SearchAction\",\"target\":{\"@type\":\"EntryPoint\",\"urlTemplate\":\"https:\/\/sportsac.cz\/?s={search_term_string}\"},\"query-input\":\"required name=search_term_string\"}],\"inLanguage\":\"cs\"},{\"@type\":\"ImageObject\",\"@id\":\"https:\/\/sportsac.cz\/?page_id=1675#primaryimage\",\"inLanguage\":\"cs\",\"url\":\"https:\/\/sportsac.cz\/wp-content\/uploads\/2021\/09\/header-inner-2.jpg\",\"contentUrl\":\"https:\/\/sportsac.cz\/wp-content\/uploads\/2021\/09\/header-inner-2.jpg\",\"width\":2048,\"height\":790},{\"@type\":\"WebPage\",\"@id\":\"https:\/\/sportsac.cz\/?page_id=1675#webpage\",\"url\":\"https:\/\/sportsac.cz\/?page_id=1675\",\"name\":\"Kontakt - Ji\\u0159\\u00ed Mu\\u017e\\u00edk\",\"isPartOf\":{\"@id\":\"https:\/\/sportsac.cz\/#website\"},\"primaryImageOfPage\":{\"@id\":\"https:\/\/sportsac.cz\/?page_id=1675#primaryimage\"},\"datePublished\":\"2016-08-01T14:32:09+00:00\",\"dateModified\":\"2021-09-13T10:20:33+00:00\",\"description\":\"Jsme projekt zam\\u011b\\u0159en\\u00fd na v\\u0161echny sportuj\\u00edc\\u00ed osoby, bez rozd\\u00edlu v\\u011bku, specializace \\u010di v\\u00fdkonnosti.\",\"breadcrumb\":{\"@id\":\"https:\/\/sportsac.cz\/?page_id=1675#breadcrumb\"},\"inLanguage\":\"cs\",\"potentialAction\":[{\"@type\":\"ReadAction\",\"target\":[\"https:\/\/sportsac.cz\/?page_id=1675\"]}]},{\"@type\":\"BreadcrumbList\",\"@id\":\"https:\/\/sportsac.cz\/?page_id=1675#breadcrumb\",\"itemListElement\":[{\"@type\":\"ListItem\",\"position\":1,\"name\":\"Dom\\u016f\",\"item\":\"https:\/\/sportsac.cz\/\"},{\"@type\":\"ListItem\",\"position\":2,\"name\":\"Kontakt\"}]}]}<\/script>\n<!-- \/ Yoast SEO plugin. -->","yoast_head_json":{"title":"Kontakt - Ji\u0159\u00ed Mu\u017e\u00edk","description":"Jsme projekt zam\u011b\u0159en\u00fd na v\u0161echny sportuj\u00edc\u00ed osoby, bez rozd\u00edlu v\u011bku, specializace \u010di v\u00fdkonnosti.","robots":{"index":"index","follow":"follow","max-snippet":"max-snippet:-1","max-image-preview":"max-image-preview:large","max-video-preview":"max-video-preview:-1"},"canonical":"https:\/\/sportsac.cz\/?page_id=1675","og_locale":"cs_CZ","og_type":"article","og_title":"Kontakt - Ji\u0159\u00ed Mu\u017e\u00edk","og_description":"Jsme projekt zam\u011b\u0159en\u00fd na v\u0161echny sportuj\u00edc\u00ed osoby, bez rozd\u00edlu v\u011bku, specializace \u010di v\u00fdkonnosti.","og_url":"https:\/\/sportsac.cz\/?page_id=1675","og_site_name":"Ji\u0159\u00ed Mu\u017e\u00edk","article_publisher":"https:\/\/www.facebook.com\/jirimuzik.cz","article_modified_time":"2021-09-13T10:20:33+00:00","og_image":[{"width":2048,"height":790,"url":"http:\/\/sportsac.cz\/wp-content\/uploads\/2021\/09\/header-inner-2.jpg","path":"\/hosting\/www\/sportsac.cz\/www\/wp-content\/uploads\/2021\/09\/header-inner-2.jpg","size":"full","id":4006,"alt":"","pixels":1617920,"type":"image\/jpeg"}],"twitter_card":"summary_large_image","twitter_misc":{"Odhadovan\u00e1 doba \u010dten\u00ed":"3 minuty"},"schema":{"@context":"https:\/\/schema.org","@graph":[{"@type":"Organization","@id":"https:\/\/sportsac.cz\/#organization","name":"Ji\u017e\u00ed Mu\u017e\u00edk - Sports Academy & Camps","url":"https:\/\/sportsac.cz\/","sameAs":["https:\/\/www.facebook.com\/jirimuzik.cz","https:\/\/www.instagram.com\/jiri_muzik_\/"],"logo":{"@type":"ImageObject","@id":"https:\/\/sportsac.cz\/#logo","inLanguage":"cs","url":"http:\/\/sportsac.cz\/wp-content\/uploads\/2021\/02\/jiri-muzik-1.jpg","contentUrl":"http:\/\/sportsac.cz\/wp-content\/uploads\/2021\/02\/jiri-muzik-1.jpg","width":700,"height":479,"caption":"Ji\u017e\u00ed Mu\u017e\u00edk - Sports Academy & Camps"},"image":{"@id":"https:\/\/sportsac.cz\/#logo"}},{"@type":"WebSite","@id":"https:\/\/sportsac.cz\/#website","url":"https:\/\/sportsac.cz\/","name":"Ji\u0159\u00ed Mu\u017e\u00edk","description":"Sports Academy &amp; Camps","publisher":{"@id":"https:\/\/sportsac.cz\/#organization"},"potentialAction":[{"@type":"SearchAction","target":{"@type":"EntryPoint","urlTemplate":"https:\/\/sportsac.cz\/?s={search_term_string}"},"query-input":"required name=search_term_string"}],"inLanguage":"cs"},{"@type":"ImageObject","@id":"https:\/\/sportsac.cz\/?page_id=1675#primaryimage","inLanguage":"cs","url":"https:\/\/sportsac.cz\/wp-content\/uploads\/2021\/09\/header-inner-2.jpg","contentUrl":"https:\/\/sportsac.cz\/wp-content\/uploads\/2021\/09\/header-inner-2.jpg","width":2048,"height":790},{"@type":"WebPage","@id":"https:\/\/sportsac.cz\/?page_id=1675#webpage","url":"https:\/\/sportsac.cz\/?page_id=1675","name":"Kontakt - Ji\u0159\u00ed Mu\u017e\u00edk","isPartOf":{"@id":"https:\/\/sportsac.cz\/#website"},"primaryImageOfPage":{"@id":"https:\/\/sportsac.cz\/?page_id=1675#primaryimage"},"datePublished":"2016-08-01T14:32:09+00:00","dateModified":"2021-09-13T10:20:33+00:00","description":"Jsme projekt zam\u011b\u0159en\u00fd na v\u0161echny sportuj\u00edc\u00ed osoby, bez rozd\u00edlu v\u011bku, specializace \u010di v\u00fdkonnosti.","breadcrumb":{"@id":"https:\/\/sportsac.cz\/?page_id=1675#breadcrumb"},"inLanguage":"cs","potentialAction":[{"@type":"ReadAction","target":["https:\/\/sportsac.cz\/?page_id=1675"]}]},{"@type":"BreadcrumbList","@id":"https:\/\/sportsac.cz\/?page_id=1675#breadcrumb","itemListElement":[{"@type":"ListItem","position":1,"name":"Dom\u016f","item":"https:\/\/sportsac.cz\/"},{"@type":"ListItem","position":2,"name":"Kontakt"}]}]}},"_links":{"self":[{"href":"https:\/\/sportsac.cz\/index.php?rest_route=\/wp\/v2\/pages\/1675"}],"collection":[{"href":"https:\/\/sportsac.cz\/index.php?rest_route=\/wp\/v2\/pages"}],"about":[{"href":"https:\/\/sportsac.cz\/index.php?rest_route=\/wp\/v2\/types\/page"}],"author":[{"embeddable":true,"href":"https:\/\/sportsac.cz\/index.php?rest_route=\/wp\/v2\/users\/1"}],"replies":[{"embeddable":true,"href":"https:\/\/sportsac.cz\/index.php?rest_route=%2Fwp%2Fv2%2Fcomments&post=1675"}],"version-history":[{"count":12,"href":"https:\/\/sportsac.cz\/index.php?rest_route=\/wp\/v2\/pages\/1675\/revisions"}],"predecessor-version":[{"id":4025,"href":"https:\/\/sportsac.cz\/index.php?rest_route=\/wp\/v2\/pages\/1675\/revisions\/4025"}],"wp:featuredmedia":[{"embeddable":true,"href":"https:\/\/sportsac.cz\/index.php?rest_route=\/wp\/v2\/media\/4006"}],"wp:attachment":[{"href":"https:\/\/sportsac.cz\/index.php?rest_route=%2Fwp%2Fv2%2Fmedia&parent=1675"}],"curies":[{"name":"wp","href":"https:\/\/api.w.org\/{rel}","templated":true}]}}