{"id":1997,"date":"2016-11-03T10:01:56","date_gmt":"2016-11-03T10:01:56","guid":{"rendered":"http:\/\/kids-club.omnicom-dev.com\/main-demo\/?page_id=1997"},"modified":"2021-09-15T16:41:32","modified_gmt":"2021-09-15T14:41:32","slug":"nas-tym","status":"publish","type":"page","link":"https:\/\/sportsac.cz\/?page_id=1997","title":{"rendered":"N\u00e1\u0161 t\u00fdm"},"content":{"rendered":"<div class=\"bt_bb_wrapper\"><section id=\"bt_section69e2f46bd66ab\"  class=\"boldSection bottomLargeSpaced gutter inherit\" ><div class=\"port\"><div class=\"boldCell\"><div class=\"boldCellInner\"><div class=\"boldRow \" ><div class=\"boldRowInner\"><div class=\"rowItem col-md-12 col-ms-12  btTextLeft inherit\"  data-width=\"12\"><div class=\"rowItemContent\" ><header class=\"header btClear large  btHeaderAccent4\" ><div class=\"dash\"><h2><span class=\"headline\">N\u00e1\u0161 t\u00fdm v \u010dele s olympionikem Ji\u0159\u00edm Mu\u017e\u00edkem<\/span><\/h2><\/div><div class=\"btSubTitle\">Halov\u00fd mistr Evropy | Vicemistr Evropy | Dvojn\u00e1sobn\u00fd finalista Mistrovstv\u00ed sv\u011bta | \u010ctvrt\u00fd ze Sv\u011btov\u00e9ho poh\u00e1ru | \u010cesk\u00fd rekordman | V\u00edt\u011bz mnoha mezin\u00e1rodn\u00edch m\u00edtink\u016f v \u010dele se Zlatou tretrou v Ostrav\u011b | Mgr. na FTVS UK obor T\u011blesn\u00e1 v\u00fdchova a sport\r<br>\r<br>S n\u00e1mi p\u0159ekon\u00e1te ve\u0161ker\u00e9 p\u0159ek\u00e1\u017eky p\u0159i cest\u011b za vysn\u011bn\u00fdmi c\u00edly. <\/div><\/header><\/div><\/div><\/div><\/div><div class=\"boldRow \" ><div class=\"boldRowInner\"><div class=\"rowItem col-md-12 col-ms-12  btTextLeft\"  data-width=\"12\"><div class=\"rowItemContent\" ><div class=\"bpgPhoto \" ><div class = \"btImage\"><img src=\"https:\/\/sportsac.cz\/wp-content\/uploads\/2021\/02\/jiri-muzik-1.jpg\" alt=\"\" title=\"\"><\/div><\/div><\/div><\/div><\/div><\/div><\/div><\/div><\/div><\/section><\/div>","protected":false},"excerpt":{"rendered":"","protected":false},"author":1,"featured_media":4006,"parent":0,"menu_order":0,"comment_status":"closed","ping_status":"closed","template":"","meta":[],"yoast_head":"<!-- This site is optimized with the Yoast SEO plugin v17.2.1 - https:\/\/yoast.com\/wordpress\/plugins\/seo\/ -->\n<title>N\u00e1\u0161 t\u00fdm - Ji\u0159\u00ed Mu\u017e\u00edk<\/title>\n<meta name=\"description\" content=\"Jsme projekt zam\u011b\u0159en\u00fd na v\u0161echny sportuj\u00edc\u00ed osoby, bez rozd\u00edlu v\u011bku, specializace \u010di v\u00fdkonnosti.\" \/>\n<meta name=\"robots\" content=\"index, follow, max-snippet:-1, max-image-preview:large, max-video-preview:-1\" \/>\n<link rel=\"canonical\" href=\"https:\/\/sportsac.cz\/?page_id=1997\" \/>\n<meta property=\"og:locale\" content=\"cs_CZ\" \/>\n<meta property=\"og:type\" content=\"article\" \/>\n<meta property=\"og:title\" content=\"N\u00e1\u0161 t\u00fdm - Ji\u0159\u00ed Mu\u017e\u00edk\" \/>\n<meta property=\"og:description\" content=\"Jsme projekt zam\u011b\u0159en\u00fd na v\u0161echny sportuj\u00edc\u00ed osoby, bez rozd\u00edlu v\u011bku, specializace \u010di v\u00fdkonnosti.\" \/>\n<meta property=\"og:url\" content=\"https:\/\/sportsac.cz\/?page_id=1997\" \/>\n<meta property=\"og:site_name\" content=\"Ji\u0159\u00ed Mu\u017e\u00edk\" \/>\n<meta property=\"article:publisher\" content=\"https:\/\/www.facebook.com\/jirimuzik.cz\" \/>\n<meta property=\"article:modified_time\" content=\"2021-09-15T14:41:32+00:00\" \/>\n<meta property=\"og:image\" content=\"http:\/\/sportsac.cz\/wp-content\/uploads\/2021\/09\/header-inner-2.jpg\" \/>\n\t<meta property=\"og:image:width\" content=\"2048\" \/>\n\t<meta property=\"og:image:height\" content=\"790\" \/>\n<meta name=\"twitter:card\" content=\"summary_large_image\" \/>\n<meta name=\"twitter:label1\" content=\"Odhadovan\u00e1 doba \u010dten\u00ed\" \/>\n\t<meta name=\"twitter:data1\" content=\"1 minuta\" \/>\n<script type=\"application\/ld+json\" class=\"yoast-schema-graph\">{\"@context\":\"https:\/\/schema.org\",\"@graph\":[{\"@type\":\"Organization\",\"@id\":\"https:\/\/sportsac.cz\/#organization\",\"name\":\"Ji\\u017e\\u00ed Mu\\u017e\\u00edk - Sports Academy & Camps\",\"url\":\"https:\/\/sportsac.cz\/\",\"sameAs\":[\"https:\/\/www.facebook.com\/jirimuzik.cz\",\"https:\/\/www.instagram.com\/jiri_muzik_\/\"],\"logo\":{\"@type\":\"ImageObject\",\"@id\":\"https:\/\/sportsac.cz\/#logo\",\"inLanguage\":\"cs\",\"url\":\"http:\/\/sportsac.cz\/wp-content\/uploads\/2021\/02\/jiri-muzik-1.jpg\",\"contentUrl\":\"http:\/\/sportsac.cz\/wp-content\/uploads\/2021\/02\/jiri-muzik-1.jpg\",\"width\":700,\"height\":479,\"caption\":\"Ji\\u017e\\u00ed Mu\\u017e\\u00edk - Sports Academy & Camps\"},\"image\":{\"@id\":\"https:\/\/sportsac.cz\/#logo\"}},{\"@type\":\"WebSite\",\"@id\":\"https:\/\/sportsac.cz\/#website\",\"url\":\"https:\/\/sportsac.cz\/\",\"name\":\"Ji\\u0159\\u00ed Mu\\u017e\\u00edk\",\"description\":\"Sports Academy &amp; Camps\",\"publisher\":{\"@id\":\"https:\/\/sportsac.cz\/#organization\"},\"potentialAction\":[{\"@type\":\"SearchAction\",\"target\":{\"@type\":\"EntryPoint\",\"urlTemplate\":\"https:\/\/sportsac.cz\/?s={search_term_string}\"},\"query-input\":\"required name=search_term_string\"}],\"inLanguage\":\"cs\"},{\"@type\":\"ImageObject\",\"@id\":\"https:\/\/sportsac.cz\/?page_id=1997#primaryimage\",\"inLanguage\":\"cs\",\"url\":\"https:\/\/sportsac.cz\/wp-content\/uploads\/2021\/09\/header-inner-2.jpg\",\"contentUrl\":\"https:\/\/sportsac.cz\/wp-content\/uploads\/2021\/09\/header-inner-2.jpg\",\"width\":2048,\"height\":790},{\"@type\":\"WebPage\",\"@id\":\"https:\/\/sportsac.cz\/?page_id=1997#webpage\",\"url\":\"https:\/\/sportsac.cz\/?page_id=1997\",\"name\":\"N\\u00e1\\u0161 t\\u00fdm - Ji\\u0159\\u00ed Mu\\u017e\\u00edk\",\"isPartOf\":{\"@id\":\"https:\/\/sportsac.cz\/#website\"},\"primaryImageOfPage\":{\"@id\":\"https:\/\/sportsac.cz\/?page_id=1997#primaryimage\"},\"datePublished\":\"2016-11-03T10:01:56+00:00\",\"dateModified\":\"2021-09-15T14:41:32+00:00\",\"description\":\"Jsme projekt zam\\u011b\\u0159en\\u00fd na v\\u0161echny sportuj\\u00edc\\u00ed osoby, bez rozd\\u00edlu v\\u011bku, specializace \\u010di v\\u00fdkonnosti.\",\"breadcrumb\":{\"@id\":\"https:\/\/sportsac.cz\/?page_id=1997#breadcrumb\"},\"inLanguage\":\"cs\",\"potentialAction\":[{\"@type\":\"ReadAction\",\"target\":[\"https:\/\/sportsac.cz\/?page_id=1997\"]}]},{\"@type\":\"BreadcrumbList\",\"@id\":\"https:\/\/sportsac.cz\/?page_id=1997#breadcrumb\",\"itemListElement\":[{\"@type\":\"ListItem\",\"position\":1,\"name\":\"Dom\\u016f\",\"item\":\"https:\/\/sportsac.cz\/\"},{\"@type\":\"ListItem\",\"position\":2,\"name\":\"N\\u00e1\\u0161 t\\u00fdm\"}]}]}<\/script>\n<!-- \/ Yoast SEO plugin. -->","yoast_head_json":{"title":"N\u00e1\u0161 t\u00fdm - Ji\u0159\u00ed Mu\u017e\u00edk","description":"Jsme projekt zam\u011b\u0159en\u00fd na v\u0161echny sportuj\u00edc\u00ed osoby, bez rozd\u00edlu v\u011bku, specializace \u010di v\u00fdkonnosti.","robots":{"index":"index","follow":"follow","max-snippet":"max-snippet:-1","max-image-preview":"max-image-preview:large","max-video-preview":"max-video-preview:-1"},"canonical":"https:\/\/sportsac.cz\/?page_id=1997","og_locale":"cs_CZ","og_type":"article","og_title":"N\u00e1\u0161 t\u00fdm - Ji\u0159\u00ed Mu\u017e\u00edk","og_description":"Jsme projekt zam\u011b\u0159en\u00fd na v\u0161echny sportuj\u00edc\u00ed osoby, bez rozd\u00edlu v\u011bku, specializace \u010di v\u00fdkonnosti.","og_url":"https:\/\/sportsac.cz\/?page_id=1997","og_site_name":"Ji\u0159\u00ed Mu\u017e\u00edk","article_publisher":"https:\/\/www.facebook.com\/jirimuzik.cz","article_modified_time":"2021-09-15T14:41:32+00:00","og_image":[{"width":2048,"height":790,"url":"http:\/\/sportsac.cz\/wp-content\/uploads\/2021\/09\/header-inner-2.jpg","path":"\/hosting\/www\/sportsac.cz\/www\/wp-content\/uploads\/2021\/09\/header-inner-2.jpg","size":"full","id":4006,"alt":"","pixels":1617920,"type":"image\/jpeg"}],"twitter_card":"summary_large_image","twitter_misc":{"Odhadovan\u00e1 doba \u010dten\u00ed":"1 minuta"},"schema":{"@context":"https:\/\/schema.org","@graph":[{"@type":"Organization","@id":"https:\/\/sportsac.cz\/#organization","name":"Ji\u017e\u00ed Mu\u017e\u00edk - Sports Academy & Camps","url":"https:\/\/sportsac.cz\/","sameAs":["https:\/\/www.facebook.com\/jirimuzik.cz","https:\/\/www.instagram.com\/jiri_muzik_\/"],"logo":{"@type":"ImageObject","@id":"https:\/\/sportsac.cz\/#logo","inLanguage":"cs","url":"http:\/\/sportsac.cz\/wp-content\/uploads\/2021\/02\/jiri-muzik-1.jpg","contentUrl":"http:\/\/sportsac.cz\/wp-content\/uploads\/2021\/02\/jiri-muzik-1.jpg","width":700,"height":479,"caption":"Ji\u017e\u00ed Mu\u017e\u00edk - Sports Academy & Camps"},"image":{"@id":"https:\/\/sportsac.cz\/#logo"}},{"@type":"WebSite","@id":"https:\/\/sportsac.cz\/#website","url":"https:\/\/sportsac.cz\/","name":"Ji\u0159\u00ed Mu\u017e\u00edk","description":"Sports Academy &amp; Camps","publisher":{"@id":"https:\/\/sportsac.cz\/#organization"},"potentialAction":[{"@type":"SearchAction","target":{"@type":"EntryPoint","urlTemplate":"https:\/\/sportsac.cz\/?s={search_term_string}"},"query-input":"required name=search_term_string"}],"inLanguage":"cs"},{"@type":"ImageObject","@id":"https:\/\/sportsac.cz\/?page_id=1997#primaryimage","inLanguage":"cs","url":"https:\/\/sportsac.cz\/wp-content\/uploads\/2021\/09\/header-inner-2.jpg","contentUrl":"https:\/\/sportsac.cz\/wp-content\/uploads\/2021\/09\/header-inner-2.jpg","width":2048,"height":790},{"@type":"WebPage","@id":"https:\/\/sportsac.cz\/?page_id=1997#webpage","url":"https:\/\/sportsac.cz\/?page_id=1997","name":"N\u00e1\u0161 t\u00fdm - Ji\u0159\u00ed Mu\u017e\u00edk","isPartOf":{"@id":"https:\/\/sportsac.cz\/#website"},"primaryImageOfPage":{"@id":"https:\/\/sportsac.cz\/?page_id=1997#primaryimage"},"datePublished":"2016-11-03T10:01:56+00:00","dateModified":"2021-09-15T14:41:32+00:00","description":"Jsme projekt zam\u011b\u0159en\u00fd na v\u0161echny sportuj\u00edc\u00ed osoby, bez rozd\u00edlu v\u011bku, specializace \u010di v\u00fdkonnosti.","breadcrumb":{"@id":"https:\/\/sportsac.cz\/?page_id=1997#breadcrumb"},"inLanguage":"cs","potentialAction":[{"@type":"ReadAction","target":["https:\/\/sportsac.cz\/?page_id=1997"]}]},{"@type":"BreadcrumbList","@id":"https:\/\/sportsac.cz\/?page_id=1997#breadcrumb","itemListElement":[{"@type":"ListItem","position":1,"name":"Dom\u016f","item":"https:\/\/sportsac.cz\/"},{"@type":"ListItem","position":2,"name":"N\u00e1\u0161 t\u00fdm"}]}]}},"_links":{"self":[{"href":"https:\/\/sportsac.cz\/index.php?rest_route=\/wp\/v2\/pages\/1997"}],"collection":[{"href":"https:\/\/sportsac.cz\/index.php?rest_route=\/wp\/v2\/pages"}],"about":[{"href":"https:\/\/sportsac.cz\/index.php?rest_route=\/wp\/v2\/types\/page"}],"author":[{"embeddable":true,"href":"https:\/\/sportsac.cz\/index.php?rest_route=\/wp\/v2\/users\/1"}],"replies":[{"embeddable":true,"href":"https:\/\/sportsac.cz\/index.php?rest_route=%2Fwp%2Fv2%2Fcomments&post=1997"}],"version-history":[{"count":30,"href":"https:\/\/sportsac.cz\/index.php?rest_route=\/wp\/v2\/pages\/1997\/revisions"}],"predecessor-version":[{"id":4319,"href":"https:\/\/sportsac.cz\/index.php?rest_route=\/wp\/v2\/pages\/1997\/revisions\/4319"}],"wp:featuredmedia":[{"embeddable":true,"href":"https:\/\/sportsac.cz\/index.php?rest_route=\/wp\/v2\/media\/4006"}],"wp:attachment":[{"href":"https:\/\/sportsac.cz\/index.php?rest_route=%2Fwp%2Fv2%2Fmedia&parent=1997"}],"curies":[{"name":"wp","href":"https:\/\/api.w.org\/{rel}","templated":true}]}}