{"id":2393,"date":"2016-11-16T14:16:16","date_gmt":"2016-11-16T13:16:16","guid":{"rendered":"http:\/\/kids-club.omnicom-dev.com\/main-demo\/?page_id=2393"},"modified":"2021-09-21T19:11:24","modified_gmt":"2021-09-21T17:11:24","slug":"dospeli","status":"publish","type":"page","link":"https:\/\/sportsac.cz\/?page_id=2393","title":{"rendered":"Dosp\u011bl\u00ed"},"content":{"rendered":"<div class=\"bt_bb_wrapper\"><section id=\"bt_section69e2f0b74709c\"  class=\"boldSection bottomLargeSpaced gutter inherit\" ><div class=\"port\"><div class=\"boldCell\"><div class=\"boldCellInner\"><div class=\"boldRow \" ><div class=\"boldRowInner\"><div class=\"rowItem col-md-12 col-ms-12  btTextLeft inherit\"  data-width=\"12\"><div class=\"rowItemContent\" ><div class=\"btText\" ><p>Pom\u016f\u017eeme v\u00e1m t\u00e9m\u011b\u0159 se v\u0161\u00edm v oblasti sportu. Nebojte se n\u00e1s <a href=\"http:\/\/sportsac.cz\/?page_id=1675\">kontaktovat<\/a>.<\/p>\n<\/div><div class=\"btClear btSeparator topSemiSpaced noBorder\" ><hr><\/div><\/div><\/div><\/div><\/div><\/div><\/div><\/div><\/section><\/div>","protected":false},"excerpt":{"rendered":"","protected":false},"author":1,"featured_media":3837,"parent":0,"menu_order":0,"comment_status":"closed","ping_status":"closed","template":"","meta":[],"yoast_head":"<!-- This site is optimized with the Yoast SEO plugin v17.2.1 - https:\/\/yoast.com\/wordpress\/plugins\/seo\/ -->\n<title>Dosp\u011bl\u00ed - Ji\u0159\u00ed Mu\u017e\u00edk<\/title>\n<meta name=\"description\" content=\"Jsme projekt zam\u011b\u0159en\u00fd na v\u0161echny sportuj\u00edc\u00ed osoby, bez rozd\u00edlu v\u011bku, specializace \u010di v\u00fdkonnosti.\" \/>\n<meta name=\"robots\" content=\"index, follow, max-snippet:-1, max-image-preview:large, max-video-preview:-1\" \/>\n<link rel=\"canonical\" href=\"https:\/\/sportsac.cz\/?page_id=2393\" \/>\n<meta property=\"og:locale\" content=\"cs_CZ\" \/>\n<meta property=\"og:type\" content=\"article\" \/>\n<meta property=\"og:title\" content=\"Dosp\u011bl\u00ed - Ji\u0159\u00ed Mu\u017e\u00edk\" \/>\n<meta property=\"og:description\" content=\"Jsme projekt zam\u011b\u0159en\u00fd na v\u0161echny sportuj\u00edc\u00ed osoby, bez rozd\u00edlu v\u011bku, specializace \u010di v\u00fdkonnosti.\" \/>\n<meta property=\"og:url\" content=\"https:\/\/sportsac.cz\/?page_id=2393\" \/>\n<meta property=\"og:site_name\" content=\"Ji\u0159\u00ed Mu\u017e\u00edk\" \/>\n<meta property=\"article:publisher\" content=\"https:\/\/www.facebook.com\/jirimuzik.cz\" \/>\n<meta property=\"article:modified_time\" content=\"2021-09-21T17:11:24+00:00\" \/>\n<meta property=\"og:image\" content=\"https:\/\/sportsac.cz\/wp-content\/uploads\/2021\/03\/back.jpg\" \/>\n\t<meta property=\"og:image:width\" content=\"2007\" \/>\n\t<meta property=\"og:image:height\" content=\"1228\" \/>\n<meta name=\"twitter:card\" content=\"summary_large_image\" \/>\n<meta name=\"twitter:label1\" content=\"Odhadovan\u00e1 doba \u010dten\u00ed\" \/>\n\t<meta name=\"twitter:data1\" content=\"1 minuta\" \/>\n<script type=\"application\/ld+json\" class=\"yoast-schema-graph\">{\"@context\":\"https:\/\/schema.org\",\"@graph\":[{\"@type\":\"Organization\",\"@id\":\"https:\/\/sportsac.cz\/#organization\",\"name\":\"Ji\\u017e\\u00ed Mu\\u017e\\u00edk - Sports Academy & Camps\",\"url\":\"https:\/\/sportsac.cz\/\",\"sameAs\":[\"https:\/\/www.facebook.com\/jirimuzik.cz\",\"https:\/\/www.instagram.com\/jiri_muzik_\/\"],\"logo\":{\"@type\":\"ImageObject\",\"@id\":\"https:\/\/sportsac.cz\/#logo\",\"inLanguage\":\"cs\",\"url\":\"http:\/\/sportsac.cz\/wp-content\/uploads\/2021\/02\/jiri-muzik-1.jpg\",\"contentUrl\":\"http:\/\/sportsac.cz\/wp-content\/uploads\/2021\/02\/jiri-muzik-1.jpg\",\"width\":700,\"height\":479,\"caption\":\"Ji\\u017e\\u00ed Mu\\u017e\\u00edk - Sports Academy & Camps\"},\"image\":{\"@id\":\"https:\/\/sportsac.cz\/#logo\"}},{\"@type\":\"WebSite\",\"@id\":\"https:\/\/sportsac.cz\/#website\",\"url\":\"https:\/\/sportsac.cz\/\",\"name\":\"Ji\\u0159\\u00ed Mu\\u017e\\u00edk\",\"description\":\"Sports Academy &amp; Camps\",\"publisher\":{\"@id\":\"https:\/\/sportsac.cz\/#organization\"},\"potentialAction\":[{\"@type\":\"SearchAction\",\"target\":{\"@type\":\"EntryPoint\",\"urlTemplate\":\"https:\/\/sportsac.cz\/?s={search_term_string}\"},\"query-input\":\"required name=search_term_string\"}],\"inLanguage\":\"cs\"},{\"@type\":\"ImageObject\",\"@id\":\"https:\/\/sportsac.cz\/?page_id=2393#primaryimage\",\"inLanguage\":\"cs\",\"url\":\"https:\/\/sportsac.cz\/wp-content\/uploads\/2021\/03\/back.jpg\",\"contentUrl\":\"https:\/\/sportsac.cz\/wp-content\/uploads\/2021\/03\/back.jpg\",\"width\":2007,\"height\":1228},{\"@type\":\"WebPage\",\"@id\":\"https:\/\/sportsac.cz\/?page_id=2393#webpage\",\"url\":\"https:\/\/sportsac.cz\/?page_id=2393\",\"name\":\"Dosp\\u011bl\\u00ed - Ji\\u0159\\u00ed Mu\\u017e\\u00edk\",\"isPartOf\":{\"@id\":\"https:\/\/sportsac.cz\/#website\"},\"primaryImageOfPage\":{\"@id\":\"https:\/\/sportsac.cz\/?page_id=2393#primaryimage\"},\"datePublished\":\"2016-11-16T13:16:16+00:00\",\"dateModified\":\"2021-09-21T17:11:24+00:00\",\"description\":\"Jsme projekt zam\\u011b\\u0159en\\u00fd na v\\u0161echny sportuj\\u00edc\\u00ed osoby, bez rozd\\u00edlu v\\u011bku, specializace \\u010di v\\u00fdkonnosti.\",\"breadcrumb\":{\"@id\":\"https:\/\/sportsac.cz\/?page_id=2393#breadcrumb\"},\"inLanguage\":\"cs\",\"potentialAction\":[{\"@type\":\"ReadAction\",\"target\":[\"https:\/\/sportsac.cz\/?page_id=2393\"]}]},{\"@type\":\"BreadcrumbList\",\"@id\":\"https:\/\/sportsac.cz\/?page_id=2393#breadcrumb\",\"itemListElement\":[{\"@type\":\"ListItem\",\"position\":1,\"name\":\"Dom\\u016f\",\"item\":\"https:\/\/sportsac.cz\/\"},{\"@type\":\"ListItem\",\"position\":2,\"name\":\"Dosp\\u011bl\\u00ed\"}]}]}<\/script>\n<!-- \/ Yoast SEO plugin. -->","yoast_head_json":{"title":"Dosp\u011bl\u00ed - Ji\u0159\u00ed Mu\u017e\u00edk","description":"Jsme projekt zam\u011b\u0159en\u00fd na v\u0161echny sportuj\u00edc\u00ed osoby, bez rozd\u00edlu v\u011bku, specializace \u010di v\u00fdkonnosti.","robots":{"index":"index","follow":"follow","max-snippet":"max-snippet:-1","max-image-preview":"max-image-preview:large","max-video-preview":"max-video-preview:-1"},"canonical":"https:\/\/sportsac.cz\/?page_id=2393","og_locale":"cs_CZ","og_type":"article","og_title":"Dosp\u011bl\u00ed - Ji\u0159\u00ed Mu\u017e\u00edk","og_description":"Jsme projekt zam\u011b\u0159en\u00fd na v\u0161echny sportuj\u00edc\u00ed osoby, bez rozd\u00edlu v\u011bku, specializace \u010di v\u00fdkonnosti.","og_url":"https:\/\/sportsac.cz\/?page_id=2393","og_site_name":"Ji\u0159\u00ed Mu\u017e\u00edk","article_publisher":"https:\/\/www.facebook.com\/jirimuzik.cz","article_modified_time":"2021-09-21T17:11:24+00:00","og_image":[{"width":2007,"height":1228,"url":"https:\/\/sportsac.cz\/wp-content\/uploads\/2021\/03\/back.jpg","path":"\/hosting\/www\/sportsac.cz\/www\/wp-content\/uploads\/2021\/03\/back.jpg","size":"full","id":3837,"alt":"","pixels":2464596,"type":"image\/jpeg"}],"twitter_card":"summary_large_image","twitter_misc":{"Odhadovan\u00e1 doba \u010dten\u00ed":"1 minuta"},"schema":{"@context":"https:\/\/schema.org","@graph":[{"@type":"Organization","@id":"https:\/\/sportsac.cz\/#organization","name":"Ji\u017e\u00ed Mu\u017e\u00edk - Sports Academy & Camps","url":"https:\/\/sportsac.cz\/","sameAs":["https:\/\/www.facebook.com\/jirimuzik.cz","https:\/\/www.instagram.com\/jiri_muzik_\/"],"logo":{"@type":"ImageObject","@id":"https:\/\/sportsac.cz\/#logo","inLanguage":"cs","url":"http:\/\/sportsac.cz\/wp-content\/uploads\/2021\/02\/jiri-muzik-1.jpg","contentUrl":"http:\/\/sportsac.cz\/wp-content\/uploads\/2021\/02\/jiri-muzik-1.jpg","width":700,"height":479,"caption":"Ji\u017e\u00ed Mu\u017e\u00edk - Sports Academy & Camps"},"image":{"@id":"https:\/\/sportsac.cz\/#logo"}},{"@type":"WebSite","@id":"https:\/\/sportsac.cz\/#website","url":"https:\/\/sportsac.cz\/","name":"Ji\u0159\u00ed Mu\u017e\u00edk","description":"Sports Academy &amp; Camps","publisher":{"@id":"https:\/\/sportsac.cz\/#organization"},"potentialAction":[{"@type":"SearchAction","target":{"@type":"EntryPoint","urlTemplate":"https:\/\/sportsac.cz\/?s={search_term_string}"},"query-input":"required name=search_term_string"}],"inLanguage":"cs"},{"@type":"ImageObject","@id":"https:\/\/sportsac.cz\/?page_id=2393#primaryimage","inLanguage":"cs","url":"https:\/\/sportsac.cz\/wp-content\/uploads\/2021\/03\/back.jpg","contentUrl":"https:\/\/sportsac.cz\/wp-content\/uploads\/2021\/03\/back.jpg","width":2007,"height":1228},{"@type":"WebPage","@id":"https:\/\/sportsac.cz\/?page_id=2393#webpage","url":"https:\/\/sportsac.cz\/?page_id=2393","name":"Dosp\u011bl\u00ed - Ji\u0159\u00ed Mu\u017e\u00edk","isPartOf":{"@id":"https:\/\/sportsac.cz\/#website"},"primaryImageOfPage":{"@id":"https:\/\/sportsac.cz\/?page_id=2393#primaryimage"},"datePublished":"2016-11-16T13:16:16+00:00","dateModified":"2021-09-21T17:11:24+00:00","description":"Jsme projekt zam\u011b\u0159en\u00fd na v\u0161echny sportuj\u00edc\u00ed osoby, bez rozd\u00edlu v\u011bku, specializace \u010di v\u00fdkonnosti.","breadcrumb":{"@id":"https:\/\/sportsac.cz\/?page_id=2393#breadcrumb"},"inLanguage":"cs","potentialAction":[{"@type":"ReadAction","target":["https:\/\/sportsac.cz\/?page_id=2393"]}]},{"@type":"BreadcrumbList","@id":"https:\/\/sportsac.cz\/?page_id=2393#breadcrumb","itemListElement":[{"@type":"ListItem","position":1,"name":"Dom\u016f","item":"https:\/\/sportsac.cz\/"},{"@type":"ListItem","position":2,"name":"Dosp\u011bl\u00ed"}]}]}},"_links":{"self":[{"href":"https:\/\/sportsac.cz\/index.php?rest_route=\/wp\/v2\/pages\/2393"}],"collection":[{"href":"https:\/\/sportsac.cz\/index.php?rest_route=\/wp\/v2\/pages"}],"about":[{"href":"https:\/\/sportsac.cz\/index.php?rest_route=\/wp\/v2\/types\/page"}],"author":[{"embeddable":true,"href":"https:\/\/sportsac.cz\/index.php?rest_route=\/wp\/v2\/users\/1"}],"replies":[{"embeddable":true,"href":"https:\/\/sportsac.cz\/index.php?rest_route=%2Fwp%2Fv2%2Fcomments&post=2393"}],"version-history":[{"count":16,"href":"https:\/\/sportsac.cz\/index.php?rest_route=\/wp\/v2\/pages\/2393\/revisions"}],"predecessor-version":[{"id":4400,"href":"https:\/\/sportsac.cz\/index.php?rest_route=\/wp\/v2\/pages\/2393\/revisions\/4400"}],"wp:featuredmedia":[{"embeddable":true,"href":"https:\/\/sportsac.cz\/index.php?rest_route=\/wp\/v2\/media\/3837"}],"wp:attachment":[{"href":"https:\/\/sportsac.cz\/index.php?rest_route=%2Fwp%2Fv2%2Fmedia&parent=2393"}],"curies":[{"name":"wp","href":"https:\/\/api.w.org\/{rel}","templated":true}]}}