{"id":3874,"date":"2021-03-08T17:42:41","date_gmt":"2021-03-08T16:42:41","guid":{"rendered":"http:\/\/dev.kousekdesign.com\/sportsac\/?page_id=3874"},"modified":"2021-09-21T19:11:56","modified_gmt":"2021-09-21T17:11:56","slug":"jste-profesionalni-sportovci","status":"publish","type":"page","link":"https:\/\/sportsac.cz\/?page_id=3874","title":{"rendered":"Jste profesion\u00e1ln\u00ed sportovci?"},"content":{"rendered":"<div class=\"bt_bb_wrapper\"><section id=\"bt_section69e2f2976b990\"  class=\"boldSection bottomLargeSpaced gutter inherit\" ><div class=\"port\"><div class=\"boldCell\"><div class=\"boldCellInner\"><div class=\"boldRow \" ><div class=\"boldRowInner\"><div class=\"rowItem col-md-8 col-ms-12 btTextLeft inherit\"  data-width=\"8\"><div class=\"rowItemContent\" ><div class=\"btText\" ><div>\n<p><strong>Spolupracovali jsme a spolupracujeme<\/strong> \u00fasp\u011b\u0161n\u011b s mnoha na\u0161imi vrcholov\u00fdmi sportovci a olympioniky&#8230;chcete b\u00fdt dal\u0161i?<\/p>\n<p>Chcete tak\u00e9 dos\u00e1hnout sv\u00fdch vysn\u011bn\u00fdch c\u00edlu?<\/p>\n<\/div>\n<\/div><div class=\"btClear btSeparator topSemiSpaced noBorder\" ><hr><\/div><div class=\"btText\" ><div>\n<h3>Nebojte se n\u00e1s <a href=\"http:\/\/sportsac.cz\/?page_id=1675\">kontaktovat<\/a>!<\/h3>\n<\/div>\n<\/div><div class=\"btClear btSeparator topSemiSpaced noBorder\" ><hr><\/div><\/div><\/div><div class=\"rowItem col-md-4 col-ms-12 btTextLeft inherit\"  data-width=\"4\"><div class=\"rowItemContent\" ><\/div><\/div><\/div><\/div><div class=\"boldRow \" ><div class=\"boldRowInner\"><div class=\"rowItem col-md-12 col-ms-12  btTextLeft animate animate-fadein inherit\"  data-width=\"12\"><div class=\"rowItemContent\" ><div class=\"bpgPhoto \" ><div class = \"btImage\"><img src=\"https:\/\/sportsac.cz\/wp-content\/uploads\/2021\/02\/jiri-muzik-1.jpg\" alt=\"\" title=\"\"><\/div><\/div><div class=\"btClear btSeparator bottomSemiSpaced border\" ><hr><\/div><\/div><\/div><\/div><\/div><\/div><\/div><\/div><\/section><\/div>","protected":false},"excerpt":{"rendered":"<p>\t\t\t\tProactively fabricate one-to-one materials via effective e-business. Completely synergize scalable e-commerce rather than high standards.\t\t<\/p>\n","protected":false},"author":1,"featured_media":3837,"parent":0,"menu_order":0,"comment_status":"closed","ping_status":"closed","template":"","meta":[],"yoast_head":"<!-- This site is optimized with the Yoast SEO plugin v17.2.1 - https:\/\/yoast.com\/wordpress\/plugins\/seo\/ -->\n<title>Jste profesion\u00e1ln\u00ed sportovci? - Ji\u0159\u00ed Mu\u017e\u00edk<\/title>\n<meta name=\"description\" content=\"Jsme projekt zam\u011b\u0159en\u00fd na v\u0161echny sportuj\u00edc\u00ed osoby, bez rozd\u00edlu v\u011bku, specializace \u010di v\u00fdkonnosti.\" \/>\n<meta name=\"robots\" content=\"index, follow, max-snippet:-1, max-image-preview:large, max-video-preview:-1\" \/>\n<link rel=\"canonical\" href=\"https:\/\/sportsac.cz\/?page_id=3874\" \/>\n<meta property=\"og:locale\" content=\"cs_CZ\" \/>\n<meta property=\"og:type\" content=\"article\" \/>\n<meta property=\"og:title\" content=\"Jste profesion\u00e1ln\u00ed sportovci? - Ji\u0159\u00ed Mu\u017e\u00edk\" \/>\n<meta property=\"og:description\" content=\"Jsme projekt zam\u011b\u0159en\u00fd na v\u0161echny sportuj\u00edc\u00ed osoby, bez rozd\u00edlu v\u011bku, specializace \u010di v\u00fdkonnosti.\" \/>\n<meta property=\"og:url\" content=\"https:\/\/sportsac.cz\/?page_id=3874\" \/>\n<meta property=\"og:site_name\" content=\"Ji\u0159\u00ed Mu\u017e\u00edk\" \/>\n<meta property=\"article:publisher\" content=\"https:\/\/www.facebook.com\/jirimuzik.cz\" \/>\n<meta property=\"article:modified_time\" content=\"2021-09-21T17:11:56+00:00\" \/>\n<meta property=\"og:image\" content=\"https:\/\/sportsac.cz\/wp-content\/uploads\/2021\/03\/back.jpg\" \/>\n\t<meta property=\"og:image:width\" content=\"2007\" \/>\n\t<meta property=\"og:image:height\" content=\"1228\" \/>\n<meta name=\"twitter:card\" content=\"summary_large_image\" \/>\n<meta name=\"twitter:label1\" content=\"Odhadovan\u00e1 doba \u010dten\u00ed\" \/>\n\t<meta name=\"twitter:data1\" content=\"1 minuta\" \/>\n<script type=\"application\/ld+json\" class=\"yoast-schema-graph\">{\"@context\":\"https:\/\/schema.org\",\"@graph\":[{\"@type\":\"Organization\",\"@id\":\"https:\/\/sportsac.cz\/#organization\",\"name\":\"Ji\\u017e\\u00ed Mu\\u017e\\u00edk - Sports Academy & Camps\",\"url\":\"https:\/\/sportsac.cz\/\",\"sameAs\":[\"https:\/\/www.facebook.com\/jirimuzik.cz\",\"https:\/\/www.instagram.com\/jiri_muzik_\/\"],\"logo\":{\"@type\":\"ImageObject\",\"@id\":\"https:\/\/sportsac.cz\/#logo\",\"inLanguage\":\"cs\",\"url\":\"http:\/\/sportsac.cz\/wp-content\/uploads\/2021\/02\/jiri-muzik-1.jpg\",\"contentUrl\":\"http:\/\/sportsac.cz\/wp-content\/uploads\/2021\/02\/jiri-muzik-1.jpg\",\"width\":700,\"height\":479,\"caption\":\"Ji\\u017e\\u00ed Mu\\u017e\\u00edk - Sports Academy & Camps\"},\"image\":{\"@id\":\"https:\/\/sportsac.cz\/#logo\"}},{\"@type\":\"WebSite\",\"@id\":\"https:\/\/sportsac.cz\/#website\",\"url\":\"https:\/\/sportsac.cz\/\",\"name\":\"Ji\\u0159\\u00ed Mu\\u017e\\u00edk\",\"description\":\"Sports Academy &amp; Camps\",\"publisher\":{\"@id\":\"https:\/\/sportsac.cz\/#organization\"},\"potentialAction\":[{\"@type\":\"SearchAction\",\"target\":{\"@type\":\"EntryPoint\",\"urlTemplate\":\"https:\/\/sportsac.cz\/?s={search_term_string}\"},\"query-input\":\"required name=search_term_string\"}],\"inLanguage\":\"cs\"},{\"@type\":\"ImageObject\",\"@id\":\"https:\/\/sportsac.cz\/?page_id=3874#primaryimage\",\"inLanguage\":\"cs\",\"url\":\"https:\/\/sportsac.cz\/wp-content\/uploads\/2021\/03\/back.jpg\",\"contentUrl\":\"https:\/\/sportsac.cz\/wp-content\/uploads\/2021\/03\/back.jpg\",\"width\":2007,\"height\":1228},{\"@type\":\"WebPage\",\"@id\":\"https:\/\/sportsac.cz\/?page_id=3874#webpage\",\"url\":\"https:\/\/sportsac.cz\/?page_id=3874\",\"name\":\"Jste profesion\\u00e1ln\\u00ed sportovci? - Ji\\u0159\\u00ed Mu\\u017e\\u00edk\",\"isPartOf\":{\"@id\":\"https:\/\/sportsac.cz\/#website\"},\"primaryImageOfPage\":{\"@id\":\"https:\/\/sportsac.cz\/?page_id=3874#primaryimage\"},\"datePublished\":\"2021-03-08T16:42:41+00:00\",\"dateModified\":\"2021-09-21T17:11:56+00:00\",\"description\":\"Jsme projekt zam\\u011b\\u0159en\\u00fd na v\\u0161echny sportuj\\u00edc\\u00ed osoby, bez rozd\\u00edlu v\\u011bku, specializace \\u010di v\\u00fdkonnosti.\",\"breadcrumb\":{\"@id\":\"https:\/\/sportsac.cz\/?page_id=3874#breadcrumb\"},\"inLanguage\":\"cs\",\"potentialAction\":[{\"@type\":\"ReadAction\",\"target\":[\"https:\/\/sportsac.cz\/?page_id=3874\"]}]},{\"@type\":\"BreadcrumbList\",\"@id\":\"https:\/\/sportsac.cz\/?page_id=3874#breadcrumb\",\"itemListElement\":[{\"@type\":\"ListItem\",\"position\":1,\"name\":\"Dom\\u016f\",\"item\":\"https:\/\/sportsac.cz\/\"},{\"@type\":\"ListItem\",\"position\":2,\"name\":\"Jste profesion\\u00e1ln\\u00ed sportovci?\"}]}]}<\/script>\n<!-- \/ Yoast SEO plugin. -->","yoast_head_json":{"title":"Jste profesion\u00e1ln\u00ed sportovci? - Ji\u0159\u00ed Mu\u017e\u00edk","description":"Jsme projekt zam\u011b\u0159en\u00fd na v\u0161echny sportuj\u00edc\u00ed osoby, bez rozd\u00edlu v\u011bku, specializace \u010di v\u00fdkonnosti.","robots":{"index":"index","follow":"follow","max-snippet":"max-snippet:-1","max-image-preview":"max-image-preview:large","max-video-preview":"max-video-preview:-1"},"canonical":"https:\/\/sportsac.cz\/?page_id=3874","og_locale":"cs_CZ","og_type":"article","og_title":"Jste profesion\u00e1ln\u00ed sportovci? - Ji\u0159\u00ed Mu\u017e\u00edk","og_description":"Jsme projekt zam\u011b\u0159en\u00fd na v\u0161echny sportuj\u00edc\u00ed osoby, bez rozd\u00edlu v\u011bku, specializace \u010di v\u00fdkonnosti.","og_url":"https:\/\/sportsac.cz\/?page_id=3874","og_site_name":"Ji\u0159\u00ed Mu\u017e\u00edk","article_publisher":"https:\/\/www.facebook.com\/jirimuzik.cz","article_modified_time":"2021-09-21T17:11:56+00:00","og_image":[{"width":2007,"height":1228,"url":"https:\/\/sportsac.cz\/wp-content\/uploads\/2021\/03\/back.jpg","path":"\/hosting\/www\/sportsac.cz\/www\/wp-content\/uploads\/2021\/03\/back.jpg","size":"full","id":3837,"alt":"","pixels":2464596,"type":"image\/jpeg"}],"twitter_card":"summary_large_image","twitter_misc":{"Odhadovan\u00e1 doba \u010dten\u00ed":"1 minuta"},"schema":{"@context":"https:\/\/schema.org","@graph":[{"@type":"Organization","@id":"https:\/\/sportsac.cz\/#organization","name":"Ji\u017e\u00ed Mu\u017e\u00edk - Sports Academy & Camps","url":"https:\/\/sportsac.cz\/","sameAs":["https:\/\/www.facebook.com\/jirimuzik.cz","https:\/\/www.instagram.com\/jiri_muzik_\/"],"logo":{"@type":"ImageObject","@id":"https:\/\/sportsac.cz\/#logo","inLanguage":"cs","url":"http:\/\/sportsac.cz\/wp-content\/uploads\/2021\/02\/jiri-muzik-1.jpg","contentUrl":"http:\/\/sportsac.cz\/wp-content\/uploads\/2021\/02\/jiri-muzik-1.jpg","width":700,"height":479,"caption":"Ji\u017e\u00ed Mu\u017e\u00edk - Sports Academy & Camps"},"image":{"@id":"https:\/\/sportsac.cz\/#logo"}},{"@type":"WebSite","@id":"https:\/\/sportsac.cz\/#website","url":"https:\/\/sportsac.cz\/","name":"Ji\u0159\u00ed Mu\u017e\u00edk","description":"Sports Academy &amp; Camps","publisher":{"@id":"https:\/\/sportsac.cz\/#organization"},"potentialAction":[{"@type":"SearchAction","target":{"@type":"EntryPoint","urlTemplate":"https:\/\/sportsac.cz\/?s={search_term_string}"},"query-input":"required name=search_term_string"}],"inLanguage":"cs"},{"@type":"ImageObject","@id":"https:\/\/sportsac.cz\/?page_id=3874#primaryimage","inLanguage":"cs","url":"https:\/\/sportsac.cz\/wp-content\/uploads\/2021\/03\/back.jpg","contentUrl":"https:\/\/sportsac.cz\/wp-content\/uploads\/2021\/03\/back.jpg","width":2007,"height":1228},{"@type":"WebPage","@id":"https:\/\/sportsac.cz\/?page_id=3874#webpage","url":"https:\/\/sportsac.cz\/?page_id=3874","name":"Jste profesion\u00e1ln\u00ed sportovci? - Ji\u0159\u00ed Mu\u017e\u00edk","isPartOf":{"@id":"https:\/\/sportsac.cz\/#website"},"primaryImageOfPage":{"@id":"https:\/\/sportsac.cz\/?page_id=3874#primaryimage"},"datePublished":"2021-03-08T16:42:41+00:00","dateModified":"2021-09-21T17:11:56+00:00","description":"Jsme projekt zam\u011b\u0159en\u00fd na v\u0161echny sportuj\u00edc\u00ed osoby, bez rozd\u00edlu v\u011bku, specializace \u010di v\u00fdkonnosti.","breadcrumb":{"@id":"https:\/\/sportsac.cz\/?page_id=3874#breadcrumb"},"inLanguage":"cs","potentialAction":[{"@type":"ReadAction","target":["https:\/\/sportsac.cz\/?page_id=3874"]}]},{"@type":"BreadcrumbList","@id":"https:\/\/sportsac.cz\/?page_id=3874#breadcrumb","itemListElement":[{"@type":"ListItem","position":1,"name":"Dom\u016f","item":"https:\/\/sportsac.cz\/"},{"@type":"ListItem","position":2,"name":"Jste profesion\u00e1ln\u00ed sportovci?"}]}]}},"_links":{"self":[{"href":"https:\/\/sportsac.cz\/index.php?rest_route=\/wp\/v2\/pages\/3874"}],"collection":[{"href":"https:\/\/sportsac.cz\/index.php?rest_route=\/wp\/v2\/pages"}],"about":[{"href":"https:\/\/sportsac.cz\/index.php?rest_route=\/wp\/v2\/types\/page"}],"author":[{"embeddable":true,"href":"https:\/\/sportsac.cz\/index.php?rest_route=\/wp\/v2\/users\/1"}],"replies":[{"embeddable":true,"href":"https:\/\/sportsac.cz\/index.php?rest_route=%2Fwp%2Fv2%2Fcomments&post=3874"}],"version-history":[{"count":15,"href":"https:\/\/sportsac.cz\/index.php?rest_route=\/wp\/v2\/pages\/3874\/revisions"}],"predecessor-version":[{"id":4401,"href":"https:\/\/sportsac.cz\/index.php?rest_route=\/wp\/v2\/pages\/3874\/revisions\/4401"}],"wp:featuredmedia":[{"embeddable":true,"href":"https:\/\/sportsac.cz\/index.php?rest_route=\/wp\/v2\/media\/3837"}],"wp:attachment":[{"href":"https:\/\/sportsac.cz\/index.php?rest_route=%2Fwp%2Fv2%2Fmedia&parent=3874"}],"curies":[{"name":"wp","href":"https:\/\/api.w.org\/{rel}","templated":true}]}}