{"id":4335,"date":"2021-09-16T11:52:27","date_gmt":"2021-09-16T09:52:27","guid":{"rendered":"http:\/\/dev.kousekdesign.com\/sportsac\/?page_id=4335"},"modified":"2021-09-16T11:52:27","modified_gmt":"2021-09-16T09:52:27","slug":"pobytovy-kemp-praha","status":"publish","type":"page","link":"https:\/\/sportsac.cz\/?page_id=4335","title":{"rendered":"Pobytov\u00fd kemp Praha"},"content":{"rendered":"<div class=\"bt_bb_wrapper\"><section id=\"bt_section69e307b64768d\"  class=\"boldSection bottomLargeSpaced gutter inherit\" ><div class=\"port\"><div class=\"boldCell\"><div class=\"boldCellInner\"><div class=\"boldRow \" ><div class=\"boldRowInner\"><div class=\"rowItem col-md-12 col-ms-12  btTextLeft\"  data-width=\"12\"><div class=\"rowItemContent\" ><div class=\"btText\" ><p>Super ubytov\u00e1n\u00ed (pobytov\u00fd), pln\u00e1 penze (pobytov\u00fd), ob\u011bd a sva\u010dinky (p\u0159\u00edm\u011bstsk\u00fd), pitn\u00fd re\u017eim, tr\u00e9ninky, regenerace, par\u00e1dn\u00ed parta, z\u00e1bavn\u00fd program, d\u00e1rky a mnoho dal\u0161\u00edho&#8230; Prioritou je pro n\u00e1s ale d\u011bti n\u011bco nau\u010dit a rozv\u00edjet u nich l\u00e1sku ke sportu&#8230;<\/p>\n<p>Zam\u011b\u0159eno na atletick\u00e9 dovednosti &#8211; v\u011bt\u0161ina sport\u016f m\u00e1 z\u00e1klady v atletice, kdy pom\u00e1h\u00e1me rozv\u00edjet techniku,<br \/>\nrychlost, dynamiku, akceleraci, obratnost, odrazovost, ale nezapom\u00edn\u00e1me ani na v\u0161estrannost. Proto si s n\u00e1mi d\u011bti vyzkou\u0161\u00ed spousty jin\u00fdch sport\u016f &#8211; fotbal, florbal, beach volejbal, gymnastiku, \u00fapolov\u00e9 sporty, plav\u00e1n\u00ed, kolo, brusle, atd&#8230; V\u017edy db\u00e1me na bezpe\u010dnost, proto nikoho nenut\u00edme do aktivit, kter\u00fdch se ob\u00e1v\u00e1 ( nap\u0159.brusle jen po domluv\u011b s rodi\u010di). D\u011bti se setkaj\u00ed s dal\u0161\u00edmi zaj\u00edmav\u00fdmi sportovci &#8211; reprezentanty. Nejen na spole\u010dn\u00e9 foto, ale aby si s nimi zatr\u00e9novali!<\/p>\n<\/div><div class=\"btClear btSeparator topSpaced noBorder\" ><hr><\/div><div class=\"bpgPhoto \" ><div class = \"btImage\"><img src=\"\" alt=\"\" title=\"\"><\/div><\/div><\/div><\/div><\/div><\/div><\/div><\/div><\/div><\/section><\/div>","protected":false},"excerpt":{"rendered":"","protected":false},"author":1,"featured_media":4006,"parent":0,"menu_order":0,"comment_status":"closed","ping_status":"closed","template":"","meta":[],"yoast_head":"<!-- This site is optimized with the Yoast SEO plugin v17.2.1 - https:\/\/yoast.com\/wordpress\/plugins\/seo\/ -->\n<title>Pobytov\u00fd kemp Praha - Ji\u0159\u00ed Mu\u017e\u00edk<\/title>\n<meta name=\"description\" content=\"Jsme projekt zam\u011b\u0159en\u00fd na v\u0161echny sportuj\u00edc\u00ed osoby, bez rozd\u00edlu v\u011bku, specializace \u010di v\u00fdkonnosti.\" \/>\n<meta name=\"robots\" content=\"index, follow, max-snippet:-1, max-image-preview:large, max-video-preview:-1\" \/>\n<link rel=\"canonical\" href=\"https:\/\/sportsac.cz\/?page_id=4335\" \/>\n<meta property=\"og:locale\" content=\"cs_CZ\" \/>\n<meta property=\"og:type\" content=\"article\" \/>\n<meta property=\"og:title\" content=\"Pobytov\u00fd kemp Praha - Ji\u0159\u00ed Mu\u017e\u00edk\" \/>\n<meta property=\"og:description\" content=\"Jsme projekt zam\u011b\u0159en\u00fd na v\u0161echny sportuj\u00edc\u00ed osoby, bez rozd\u00edlu v\u011bku, specializace \u010di v\u00fdkonnosti.\" \/>\n<meta property=\"og:url\" content=\"https:\/\/sportsac.cz\/?page_id=4335\" \/>\n<meta property=\"og:site_name\" content=\"Ji\u0159\u00ed Mu\u017e\u00edk\" \/>\n<meta property=\"article:publisher\" content=\"https:\/\/www.facebook.com\/jirimuzik.cz\" \/>\n<meta property=\"og:image\" content=\"https:\/\/sportsac.cz\/wp-content\/uploads\/2021\/09\/header-inner-2.jpg\" \/>\n\t<meta property=\"og:image:width\" content=\"2048\" \/>\n\t<meta property=\"og:image:height\" content=\"790\" \/>\n<meta name=\"twitter:card\" content=\"summary_large_image\" \/>\n<meta name=\"twitter:label1\" content=\"Odhadovan\u00e1 doba \u010dten\u00ed\" \/>\n\t<meta name=\"twitter:data1\" content=\"1 minuta\" \/>\n<script type=\"application\/ld+json\" class=\"yoast-schema-graph\">{\"@context\":\"https:\/\/schema.org\",\"@graph\":[{\"@type\":\"Organization\",\"@id\":\"https:\/\/sportsac.cz\/#organization\",\"name\":\"Ji\\u017e\\u00ed Mu\\u017e\\u00edk - Sports Academy & Camps\",\"url\":\"https:\/\/sportsac.cz\/\",\"sameAs\":[\"https:\/\/www.facebook.com\/jirimuzik.cz\",\"https:\/\/www.instagram.com\/jiri_muzik_\/\"],\"logo\":{\"@type\":\"ImageObject\",\"@id\":\"https:\/\/sportsac.cz\/#logo\",\"inLanguage\":\"cs\",\"url\":\"http:\/\/sportsac.cz\/wp-content\/uploads\/2021\/02\/jiri-muzik-1.jpg\",\"contentUrl\":\"http:\/\/sportsac.cz\/wp-content\/uploads\/2021\/02\/jiri-muzik-1.jpg\",\"width\":700,\"height\":479,\"caption\":\"Ji\\u017e\\u00ed Mu\\u017e\\u00edk - Sports Academy & Camps\"},\"image\":{\"@id\":\"https:\/\/sportsac.cz\/#logo\"}},{\"@type\":\"WebSite\",\"@id\":\"https:\/\/sportsac.cz\/#website\",\"url\":\"https:\/\/sportsac.cz\/\",\"name\":\"Ji\\u0159\\u00ed Mu\\u017e\\u00edk\",\"description\":\"Sports Academy &amp; Camps\",\"publisher\":{\"@id\":\"https:\/\/sportsac.cz\/#organization\"},\"potentialAction\":[{\"@type\":\"SearchAction\",\"target\":{\"@type\":\"EntryPoint\",\"urlTemplate\":\"https:\/\/sportsac.cz\/?s={search_term_string}\"},\"query-input\":\"required name=search_term_string\"}],\"inLanguage\":\"cs\"},{\"@type\":\"ImageObject\",\"@id\":\"https:\/\/sportsac.cz\/?page_id=4335#primaryimage\",\"inLanguage\":\"cs\",\"url\":\"https:\/\/sportsac.cz\/wp-content\/uploads\/2021\/09\/header-inner-2.jpg\",\"contentUrl\":\"https:\/\/sportsac.cz\/wp-content\/uploads\/2021\/09\/header-inner-2.jpg\",\"width\":2048,\"height\":790},{\"@type\":\"WebPage\",\"@id\":\"https:\/\/sportsac.cz\/?page_id=4335#webpage\",\"url\":\"https:\/\/sportsac.cz\/?page_id=4335\",\"name\":\"Pobytov\\u00fd kemp Praha - Ji\\u0159\\u00ed Mu\\u017e\\u00edk\",\"isPartOf\":{\"@id\":\"https:\/\/sportsac.cz\/#website\"},\"primaryImageOfPage\":{\"@id\":\"https:\/\/sportsac.cz\/?page_id=4335#primaryimage\"},\"datePublished\":\"2021-09-16T09:52:27+00:00\",\"dateModified\":\"2021-09-16T09:52:27+00:00\",\"description\":\"Jsme projekt zam\\u011b\\u0159en\\u00fd na v\\u0161echny sportuj\\u00edc\\u00ed osoby, bez rozd\\u00edlu v\\u011bku, specializace \\u010di v\\u00fdkonnosti.\",\"breadcrumb\":{\"@id\":\"https:\/\/sportsac.cz\/?page_id=4335#breadcrumb\"},\"inLanguage\":\"cs\",\"potentialAction\":[{\"@type\":\"ReadAction\",\"target\":[\"https:\/\/sportsac.cz\/?page_id=4335\"]}]},{\"@type\":\"BreadcrumbList\",\"@id\":\"https:\/\/sportsac.cz\/?page_id=4335#breadcrumb\",\"itemListElement\":[{\"@type\":\"ListItem\",\"position\":1,\"name\":\"Dom\\u016f\",\"item\":\"https:\/\/sportsac.cz\/\"},{\"@type\":\"ListItem\",\"position\":2,\"name\":\"Pobytov\\u00fd kemp Praha\"}]}]}<\/script>\n<!-- \/ Yoast SEO plugin. -->","yoast_head_json":{"title":"Pobytov\u00fd kemp Praha - Ji\u0159\u00ed Mu\u017e\u00edk","description":"Jsme projekt zam\u011b\u0159en\u00fd na v\u0161echny sportuj\u00edc\u00ed osoby, bez rozd\u00edlu v\u011bku, specializace \u010di v\u00fdkonnosti.","robots":{"index":"index","follow":"follow","max-snippet":"max-snippet:-1","max-image-preview":"max-image-preview:large","max-video-preview":"max-video-preview:-1"},"canonical":"https:\/\/sportsac.cz\/?page_id=4335","og_locale":"cs_CZ","og_type":"article","og_title":"Pobytov\u00fd kemp Praha - Ji\u0159\u00ed Mu\u017e\u00edk","og_description":"Jsme projekt zam\u011b\u0159en\u00fd na v\u0161echny sportuj\u00edc\u00ed osoby, bez rozd\u00edlu v\u011bku, specializace \u010di v\u00fdkonnosti.","og_url":"https:\/\/sportsac.cz\/?page_id=4335","og_site_name":"Ji\u0159\u00ed Mu\u017e\u00edk","article_publisher":"https:\/\/www.facebook.com\/jirimuzik.cz","og_image":[{"width":2048,"height":790,"url":"https:\/\/sportsac.cz\/wp-content\/uploads\/2021\/09\/header-inner-2.jpg","path":"\/hosting\/www\/sportsac.cz\/www\/wp-content\/uploads\/2021\/09\/header-inner-2.jpg","size":"full","id":4006,"alt":"","pixels":1617920,"type":"image\/jpeg"}],"twitter_card":"summary_large_image","twitter_misc":{"Odhadovan\u00e1 doba \u010dten\u00ed":"1 minuta"},"schema":{"@context":"https:\/\/schema.org","@graph":[{"@type":"Organization","@id":"https:\/\/sportsac.cz\/#organization","name":"Ji\u017e\u00ed Mu\u017e\u00edk - Sports Academy & Camps","url":"https:\/\/sportsac.cz\/","sameAs":["https:\/\/www.facebook.com\/jirimuzik.cz","https:\/\/www.instagram.com\/jiri_muzik_\/"],"logo":{"@type":"ImageObject","@id":"https:\/\/sportsac.cz\/#logo","inLanguage":"cs","url":"http:\/\/sportsac.cz\/wp-content\/uploads\/2021\/02\/jiri-muzik-1.jpg","contentUrl":"http:\/\/sportsac.cz\/wp-content\/uploads\/2021\/02\/jiri-muzik-1.jpg","width":700,"height":479,"caption":"Ji\u017e\u00ed Mu\u017e\u00edk - Sports Academy & Camps"},"image":{"@id":"https:\/\/sportsac.cz\/#logo"}},{"@type":"WebSite","@id":"https:\/\/sportsac.cz\/#website","url":"https:\/\/sportsac.cz\/","name":"Ji\u0159\u00ed Mu\u017e\u00edk","description":"Sports Academy &amp; Camps","publisher":{"@id":"https:\/\/sportsac.cz\/#organization"},"potentialAction":[{"@type":"SearchAction","target":{"@type":"EntryPoint","urlTemplate":"https:\/\/sportsac.cz\/?s={search_term_string}"},"query-input":"required name=search_term_string"}],"inLanguage":"cs"},{"@type":"ImageObject","@id":"https:\/\/sportsac.cz\/?page_id=4335#primaryimage","inLanguage":"cs","url":"https:\/\/sportsac.cz\/wp-content\/uploads\/2021\/09\/header-inner-2.jpg","contentUrl":"https:\/\/sportsac.cz\/wp-content\/uploads\/2021\/09\/header-inner-2.jpg","width":2048,"height":790},{"@type":"WebPage","@id":"https:\/\/sportsac.cz\/?page_id=4335#webpage","url":"https:\/\/sportsac.cz\/?page_id=4335","name":"Pobytov\u00fd kemp Praha - Ji\u0159\u00ed Mu\u017e\u00edk","isPartOf":{"@id":"https:\/\/sportsac.cz\/#website"},"primaryImageOfPage":{"@id":"https:\/\/sportsac.cz\/?page_id=4335#primaryimage"},"datePublished":"2021-09-16T09:52:27+00:00","dateModified":"2021-09-16T09:52:27+00:00","description":"Jsme projekt zam\u011b\u0159en\u00fd na v\u0161echny sportuj\u00edc\u00ed osoby, bez rozd\u00edlu v\u011bku, specializace \u010di v\u00fdkonnosti.","breadcrumb":{"@id":"https:\/\/sportsac.cz\/?page_id=4335#breadcrumb"},"inLanguage":"cs","potentialAction":[{"@type":"ReadAction","target":["https:\/\/sportsac.cz\/?page_id=4335"]}]},{"@type":"BreadcrumbList","@id":"https:\/\/sportsac.cz\/?page_id=4335#breadcrumb","itemListElement":[{"@type":"ListItem","position":1,"name":"Dom\u016f","item":"https:\/\/sportsac.cz\/"},{"@type":"ListItem","position":2,"name":"Pobytov\u00fd kemp Praha"}]}]}},"_links":{"self":[{"href":"https:\/\/sportsac.cz\/index.php?rest_route=\/wp\/v2\/pages\/4335"}],"collection":[{"href":"https:\/\/sportsac.cz\/index.php?rest_route=\/wp\/v2\/pages"}],"about":[{"href":"https:\/\/sportsac.cz\/index.php?rest_route=\/wp\/v2\/types\/page"}],"author":[{"embeddable":true,"href":"https:\/\/sportsac.cz\/index.php?rest_route=\/wp\/v2\/users\/1"}],"replies":[{"embeddable":true,"href":"https:\/\/sportsac.cz\/index.php?rest_route=%2Fwp%2Fv2%2Fcomments&post=4335"}],"version-history":[{"count":1,"href":"https:\/\/sportsac.cz\/index.php?rest_route=\/wp\/v2\/pages\/4335\/revisions"}],"predecessor-version":[{"id":4336,"href":"https:\/\/sportsac.cz\/index.php?rest_route=\/wp\/v2\/pages\/4335\/revisions\/4336"}],"wp:featuredmedia":[{"embeddable":true,"href":"https:\/\/sportsac.cz\/index.php?rest_route=\/wp\/v2\/media\/4006"}],"wp:attachment":[{"href":"https:\/\/sportsac.cz\/index.php?rest_route=%2Fwp%2Fv2%2Fmedia&parent=4335"}],"curies":[{"name":"wp","href":"https:\/\/api.w.org\/{rel}","templated":true}]}}